{"id":93,"date":"2016-02-13T10:03:34","date_gmt":"2016-02-13T10:03:34","guid":{"rendered":"http:\/\/rohdewald.de\/?page_id=93"},"modified":"2019-02-09T12:14:32","modified_gmt":"2019-02-09T11:14:32","slug":"radsport","status":"publish","type":"page","link":"https:\/\/rohdewald.de\/?page_id=93","title":{"rendered":"Radsport"},"content":{"rendered":"<p>Ich bin schon immer viel und weit mit dem Rad gefahren, zuerst nat\u00fcrlich in der Schweiz. Dort gibt es auch heute kaum Radwege, aber viele Schutzstreifen auf der Stra\u00dfe. Die gab es in meiner Jugend auch noch nicht, weshalb ich schon fr\u00fch herausfinden musste, was sicher ist: Nicht so weit rechts fahren! (Sagt \u00fcbrigens auch der ADFC &#8211; Link muss ich noch suchen).<\/p>\n<p>Weite Strecken fuhr ich damals auch schon, insbesondere mit etwa 18 Jahren 1000km in 4 Tagen (Zentralschweiz nach Norddeutschland), meistens hat es bei Gegenwind geregnet. Ohne GPS und mit Wegweisern, die f\u00fcr Radfahrer h\u00f6chstens den Weg ins n\u00e4chste Dorf zeigen, war das damals noch ein bisschen abenteuerlicher als heute.<\/p>\n<p>Mit Rennrad habe ich erst 2011 angefangen: 2012 alleine plus Cyclassics in Hamburg. Seit 2013 im <a href=\"http:\/\/ollanner-radteam.de\" target=\"_blank\" rel=\"noopener\">Ollanner Radteam<\/a>, \u00fcberwiegend RTF, am liebsten Marathons. Seit 2014 vor allem <a href=\"http:\/\/rohdewald.de\/privat\/brevets\/\" target=\"_blank\" rel=\"noopener\">Brevets<\/a>.<\/p>\n<figure id=\"attachment_182\" aria-describedby=\"caption-attachment-182\" style=\"width: 840px\" class=\"wp-caption aligncenter\"><a href=\"https:\/\/rohdewald.de\/wp-content\/uploads\/2016\/02\/20160424_154649-e1461525307469.jpg\"><img loading=\"lazy\" decoding=\"async\" class=\"wp-image-182 size-large\" src=\"https:\/\/rohdewald.de\/wp-content\/uploads\/2016\/02\/20160424_154649-e1461525307469-1024x576.jpg\" width=\"840\" height=\"473\" srcset=\"https:\/\/rohdewald.de\/wp-content\/uploads\/2016\/02\/20160424_154649-e1461525307469-1024x576.jpg 1024w, https:\/\/rohdewald.de\/wp-content\/uploads\/2016\/02\/20160424_154649-e1461525307469-300x169.jpg 300w, https:\/\/rohdewald.de\/wp-content\/uploads\/2016\/02\/20160424_154649-e1461525307469-768x432.jpg 768w, https:\/\/rohdewald.de\/wp-content\/uploads\/2016\/02\/20160424_154649-e1461525307469-1200x675.jpg 1200w\" sizes=\"auto, (max-width: 709px) 85vw, (max-width: 909px) 67vw, (max-width: 1362px) 62vw, 840px\" \/><\/a><figcaption id=\"caption-attachment-182\" class=\"wp-caption-text\">Rudi-Bode-Marathon 2016, 10km vor dem Ziel<\/figcaption><\/figure>\n\n\n<p class=\"wp-block-paragraph\"><\/p>\n\n\n\n<h2 class=\"wp-block-heading\">Brevets<\/h2>\n\n\n\n<p class=\"wp-block-paragraph\">Seit 2014 fahre ich mit zunehmender Begeisterung <a rel=\"noreferrer noopener\" href=\"https:\/\/de.wikipedia.org\/wiki\/Brevet_%28Fahrrad%29\" target=\"_blank\">Brevets<\/a>. Lange Strecken fuhr ich schon immer gerne, aber vorher meistens alleine.<\/p>\n\n\n\n<p class=\"wp-block-paragraph\"><\/p>\n\n\n\n<p class=\"wp-block-paragraph\">Mein Ziel ist, jedes Jahr ein Brevet mit mindestens 1200km zu fahren. Dazu kommen nat\u00fcrlich Vorbereitungs-Brevets. 2014 war das die gro\u00dfe Bayernrundfahrt mit knapp 1300km und etwa 14000 H\u00f6henmetern. Das war bisher am h\u00e4rtesten &#8211; noch wenig Erfahrung, suboptimale Ausr\u00fcstung, nicht ganz so gutes Wetter und oft sehr steil, bis zu 24% Steigung. 2015 kam dann Paris-Brest-Paris mit 1230km und etwa 11000 H\u00f6henmetern, das war im Vergleich zu Bayern recht harmlos. F\u00fcr 2016 steht die Millemiglia in Italien auf dem Programm, also 1600km Mitte August, wenn es noch ziemlich hei\u00df sein kann, mit etwa 16000 H\u00f6henmetern.<\/p>\n\n\n\n<p class=\"wp-block-paragraph\">Wann immer ich Rad fahre, kommt ein GPS-Tracker zum Einsatz. Damit kann jeder sehen, wo ich gerade bin, mit welcher Geschwindigkeit, bei welcher Temperatur und so weiter. Den Link verrate ich auf Wunsch gerne.<\/p>\n\n\n\n<p class=\"wp-block-paragraph\">Falls jemand ein Open-Source-Programm kennt, mit dem ich das nur mit Hilfe meines Handys und meines eigenen Servers umsetzen kann, w\u00fcrde mich das sehr interessieren.&nbsp;<a href=\"http:\/\/traccar.org\" target=\"_blank\" rel=\"noreferrer noopener\">Traccar<\/a> und <a href=\"http:\/\/opengts.sourceforge.net\/\" target=\"_blank\" rel=\"noreferrer noopener\">OpenGTS<\/a> w\u00e4ren so etwas, aber sie wollen, dass auf dem Server die Java-Bibliothek installiert wird, und die ist Hackers Liebling.<\/p>\n","protected":false},"excerpt":{"rendered":"<p>Ich bin schon immer viel und weit mit dem Rad gefahren, zuerst nat\u00fcrlich in der Schweiz. Dort gibt es auch heute kaum Radwege, aber viele Schutzstreifen auf der Stra\u00dfe. Die gab es in meiner Jugend auch noch nicht, weshalb ich schon fr\u00fch herausfinden musste, was sicher ist: Nicht so weit rechts fahren! (Sagt \u00fcbrigens auch &hellip; <a href=\"https:\/\/rohdewald.de\/?page_id=93\" class=\"more-link\"><span class=\"screen-reader-text\">\u201eRadsport\u201c<\/span> weiterlesen<\/a><\/p>\n","protected":false},"author":3,"featured_media":0,"parent":13,"menu_order":0,"comment_status":"closed","ping_status":"closed","template":"","meta":{"_crdt_document":"","footnotes":""},"class_list":["post-93","page","type-page","status-publish","hentry"],"_links":{"self":[{"href":"https:\/\/rohdewald.de\/index.php?rest_route=\/wp\/v2\/pages\/93","targetHints":{"allow":["GET"]}}],"collection":[{"href":"https:\/\/rohdewald.de\/index.php?rest_route=\/wp\/v2\/pages"}],"about":[{"href":"https:\/\/rohdewald.de\/index.php?rest_route=\/wp\/v2\/types\/page"}],"author":[{"embeddable":true,"href":"https:\/\/rohdewald.de\/index.php?rest_route=\/wp\/v2\/users\/3"}],"replies":[{"embeddable":true,"href":"https:\/\/rohdewald.de\/index.php?rest_route=%2Fwp%2Fv2%2Fcomments&post=93"}],"version-history":[{"count":6,"href":"https:\/\/rohdewald.de\/index.php?rest_route=\/wp\/v2\/pages\/93\/revisions"}],"predecessor-version":[{"id":968,"href":"https:\/\/rohdewald.de\/index.php?rest_route=\/wp\/v2\/pages\/93\/revisions\/968"}],"up":[{"embeddable":true,"href":"https:\/\/rohdewald.de\/index.php?rest_route=\/wp\/v2\/pages\/13"}],"wp:attachment":[{"href":"https:\/\/rohdewald.de\/index.php?rest_route=%2Fwp%2Fv2%2Fmedia&parent=93"}],"curies":[{"name":"wp","href":"https:\/\/api.w.org\/{rel}","templated":true}]}}